{"id":441,"date":"2023-12-23T04:58:19","date_gmt":"2023-12-23T04:58:19","guid":{"rendered":"https:\/\/danskenoedder.dk\/?page_id=441"},"modified":"2025-07-22T09:26:09","modified_gmt":"2025-07-22T09:26:09","slug":"plantagen","status":"publish","type":"page","link":"https:\/\/danskenoedder.dk\/index.php\/plantagen\/","title":{"rendered":"Plantagen"},"content":{"rendered":"<p>[et_pb_section fb_built=&#8221;1&#8243; _builder_version=&#8221;4.27.4&#8243; _module_preset=&#8221;default&#8221; global_colors_info=&#8221;{}&#8221;][et_pb_row _builder_version=&#8221;4.27.4&#8243; _module_preset=&#8221;default&#8221; global_colors_info=&#8221;{}&#8221;][et_pb_column type=&#8221;4_4&#8243; _builder_version=&#8221;4.27.4&#8243; _module_preset=&#8221;default&#8221; global_colors_info=&#8221;{}&#8221;][et_pb_text module_id=&#8221;media&#8221; _builder_version=&#8221;4.27.4&#8243; _module_preset=&#8221;default&#8221; header_2_font=&#8221;Poppins|700|||||||&#8221; header_2_text_color=&#8221;#462500&#8243; header_4_font=&#8221;Poppins||||||||&#8221; header_4_text_color=&#8221;#462500&#8243; text_orientation=&#8221;center&#8221; global_colors_info=&#8221;{}&#8221;]<\/p>\n<h4>Plantagen<\/h4>\n<h2>Kort over vores n\u00f8ddeplantage<\/h2>\n<p>Nedenfor kan du se et kort over vores n\u00f8ddeplantage. Kortet giver et overordnet overblik over plantagens opbygning og de forskellige omr\u00e5der, hvor vores n\u00f8dder dyrkes. Derudover fremg\u00e5r de 2,5 &#8211; 3 km l\u00e6hegn med mange forskellige typer planter vi ogs\u00e5 har etableret, da vores kystn\u00e6re placering ofte indeb\u00e6rer megen bl\u00e6st .\u00a0<\/p>\n<p>[\/et_pb_text][et_pb_image src=&#8221;http:\/\/danskenoedder.dk\/wp-content\/uploads\/2025\/01\/kortoverplantagen.png&#8221; alt=&#8221;danske n\u00f8dder kort&#8221; title_text=&#8221;kortoverplantagen&#8221; _builder_version=&#8221;4.27.4&#8243; _module_preset=&#8221;default&#8221; hover_enabled=&#8221;0&#8243; global_colors_info=&#8221;{}&#8221; sticky_enabled=&#8221;0&#8243;][\/et_pb_image][\/et_pb_column][\/et_pb_row][\/et_pb_section][et_pb_section fb_built=&#8221;1&#8243; admin_label=&#8221;Header&#8221; _builder_version=&#8221;4.27.4&#8243; _module_preset=&#8221;default&#8221; background_color=&#8221;#f7f5f0&#8243; background_image=&#8221;http:\/\/danskenoedder.dk\/wp-content\/uploads\/2023\/12\/img_dn003-scaled.jpg&#8221; height=&#8221;429px&#8221; height_tablet=&#8221;688px&#8221; height_phone=&#8221;1000px&#8221; height_last_edited=&#8221;on|desktop&#8221; max_height=&#8221;1000px&#8221; custom_padding=&#8221;||0px|||&#8221; global_colors_info=&#8221;{%22gcid-01d52b91-888a-4360-8bf2-df06995b266a%22:%91%93}&#8221;][et_pb_row _builder_version=&#8221;4.27.4&#8243; _module_preset=&#8221;default&#8221; global_colors_info=&#8221;{}&#8221;][et_pb_column type=&#8221;4_4&#8243; _builder_version=&#8221;4.27.4&#8243; _module_preset=&#8221;default&#8221; global_colors_info=&#8221;{}&#8221;][et_pb_text _builder_version=&#8221;4.27.4&#8243; _module_preset=&#8221;default&#8221; global_colors_info=&#8221;{}&#8221;]<\/p>\n<p>Vi plantede vores f\u00f8rste tr\u00e6 i efter\u00e5ret 2022. I dag rummer vores plantage mere end 10.000 planter (inklusiv l\u00e6hegn).Alle planter er omhyggeligt udvalgt ud fra overvejelser om produktion, kvalitet, biodiversitet og fremtidige muligheder for forskellig anvendelse. Vi udskifter l\u00f8bende planter, der ikke etablerer sig eller mistrives.<\/p>\n<p>Hvert tr\u00e6 er plantet med h\u00e5ndkraft og har f\u00e5et k\u00e6rlig pleje for at give de bedste foruds\u00e6tninger for god v\u00e6kst.<\/p>\n<p>[\/et_pb_text][\/et_pb_column][\/et_pb_row][et_pb_row column_structure=&#8221;1_4,1_4,1_4,1_4&#8243; custom_padding_last_edited=&#8221;on|desktop&#8221; _builder_version=&#8221;4.23&#8243; _module_preset=&#8221;default&#8221; background_color=&#8221;#462500&#8243; custom_margin=&#8221;0px|auto||auto|false|false&#8221; custom_padding=&#8221;|40px||40px|false|true&#8221; custom_padding_tablet=&#8221;|30px||30px|false|true&#8221; custom_padding_phone=&#8221;|20px||20px|false|true&#8221; locked=&#8221;off&#8221; global_colors_info=&#8221;{}&#8221;][et_pb_column type=&#8221;1_4&#8243; _builder_version=&#8221;4.16&#8243; _module_preset=&#8221;default&#8221; global_colors_info=&#8221;{}&#8221;][et_pb_text _builder_version=&#8221;4.27.4&#8243; _module_preset=&#8221;de5f6196-b4e3-4dfe-9661-d839a94cca66&#8243; header_3_font=&#8221;Work Sans|500||on|||||&#8221; header_3_text_color=&#8221;#FFFFFF&#8221; header_3_font_size=&#8221;16px&#8221; header_3_letter_spacing=&#8221;2px&#8221; header_3_line_height=&#8221;1.4em&#8221; custom_margin=&#8221;||4px||false|false&#8221; header_3_font_size_tablet=&#8221;14px&#8221; header_3_font_size_phone=&#8221;&#8221; header_3_font_size_last_edited=&#8221;on|phone&#8221; locked=&#8221;off&#8221; global_colors_info=&#8221;{%22gcid-4721c02e-63da-4985-9f86-80b98bb29c52%22:%91%22header_3_text_color%22%93,%22gcid-26ac9050-52ea-4dfa-84b3-bad7cf43e335%22:%91%93}&#8221;]<\/p>\n<h3>Total <br \/>l\u00e6planter<\/h3>\n<p>[\/et_pb_text][et_pb_text _builder_version=&#8221;4.27.4&#8243; _module_preset=&#8221;default&#8221; text_font=&#8221;Poppins|700|||||||&#8221; text_text_color=&#8221;#1ab567&#8243; text_font_size=&#8221;44px&#8221; text_line_height=&#8221;1em&#8221; custom_margin=&#8221;||10px||false|false&#8221; locked=&#8221;off&#8221; global_colors_info=&#8221;{%22gcid-4721c02e-63da-4985-9f86-80b98bb29c52%22:%91%93}&#8221;]<\/p>\n<p>8.500<\/p>\n<p>[\/et_pb_text][\/et_pb_column][et_pb_column type=&#8221;1_4&#8243; _builder_version=&#8221;4.16&#8243; _module_preset=&#8221;default&#8221; global_colors_info=&#8221;{}&#8221;][et_pb_text _builder_version=&#8221;4.23&#8243; _module_preset=&#8221;de5f6196-b4e3-4dfe-9661-d839a94cca66&#8243; header_3_font=&#8221;Work Sans|500||on|||||&#8221; header_3_text_color=&#8221;#FFFFFF&#8221; header_3_font_size=&#8221;16px&#8221; header_3_letter_spacing=&#8221;2px&#8221; header_3_line_height=&#8221;1.4em&#8221; custom_margin=&#8221;||4px||false|false&#8221; header_3_font_size_tablet=&#8221;14px&#8221; header_3_font_size_phone=&#8221;&#8221; header_3_font_size_last_edited=&#8221;on|phone&#8221; locked=&#8221;off&#8221; global_colors_info=&#8221;{%22gcid-4721c02e-63da-4985-9f86-80b98bb29c52%22:%91%22header_3_text_color%22%93,%22gcid-26ac9050-52ea-4dfa-84b3-bad7cf43e335%22:%91%93}&#8221;]<\/p>\n<h3>Total valn\u00f8ddetr\u00e6er<\/h3>\n<p>[\/et_pb_text][et_pb_text _builder_version=&#8221;4.23&#8243; _module_preset=&#8221;default&#8221; text_font=&#8221;Poppins|700|||||||&#8221; text_text_color=&#8221;#1ab567&#8243; text_font_size=&#8221;44px&#8221; text_line_height=&#8221;1em&#8221; custom_margin=&#8221;||10px||false|false&#8221; locked=&#8221;off&#8221; global_colors_info=&#8221;{%22gcid-4721c02e-63da-4985-9f86-80b98bb29c52%22:%91%93}&#8221;]<\/p>\n<p>800<\/p>\n<p>[\/et_pb_text][\/et_pb_column][et_pb_column type=&#8221;1_4&#8243; _builder_version=&#8221;4.16&#8243; _module_preset=&#8221;default&#8221; global_colors_info=&#8221;{}&#8221;][et_pb_text _builder_version=&#8221;4.23&#8243; _module_preset=&#8221;de5f6196-b4e3-4dfe-9661-d839a94cca66&#8243; header_3_font=&#8221;Work Sans|500||on|||||&#8221; header_3_text_color=&#8221;#FFFFFF&#8221; header_3_font_size=&#8221;16px&#8221; header_3_letter_spacing=&#8221;2px&#8221; header_3_line_height=&#8221;1.4em&#8221; custom_margin=&#8221;||4px||false|false&#8221; header_3_font_size_tablet=&#8221;14px&#8221; header_3_font_size_phone=&#8221;&#8221; header_3_font_size_last_edited=&#8221;on|phone&#8221; locked=&#8221;off&#8221; global_colors_info=&#8221;{%22gcid-4721c02e-63da-4985-9f86-80b98bb29c52%22:%91%22header_3_text_color%22%93,%22gcid-26ac9050-52ea-4dfa-84b3-bad7cf43e335%22:%91%93}&#8221;]<\/p>\n<h3>Total hasseln\u00f8ddetr\u00e6er<\/h3>\n<p>[\/et_pb_text][et_pb_text _builder_version=&#8221;4.24.1&#8243; _module_preset=&#8221;default&#8221; text_font=&#8221;Poppins|700|||||||&#8221; text_text_color=&#8221;#1ab567&#8243; text_font_size=&#8221;44px&#8221; text_line_height=&#8221;1em&#8221; custom_margin=&#8221;||10px||false|false&#8221; locked=&#8221;off&#8221; global_colors_info=&#8221;{%22gcid-4721c02e-63da-4985-9f86-80b98bb29c52%22:%91%93}&#8221;]<\/p>\n<p>750<\/p>\n<p>[\/et_pb_text][\/et_pb_column][et_pb_column type=&#8221;1_4&#8243; _builder_version=&#8221;4.16&#8243; _module_preset=&#8221;default&#8221; global_colors_info=&#8221;{}&#8221;][et_pb_text _builder_version=&#8221;4.23&#8243; _module_preset=&#8221;de5f6196-b4e3-4dfe-9661-d839a94cca66&#8243; header_3_font=&#8221;Work Sans|500||on|||||&#8221; header_3_text_color=&#8221;#FFFFFF&#8221; header_3_font_size=&#8221;16px&#8221; header_3_letter_spacing=&#8221;2px&#8221; header_3_line_height=&#8221;1.4em&#8221; custom_margin=&#8221;||4px||false|false&#8221; header_3_font_size_tablet=&#8221;14px&#8221; header_3_font_size_phone=&#8221;&#8221; header_3_font_size_last_edited=&#8221;on|phone&#8221; locked=&#8221;off&#8221; global_colors_info=&#8221;{%22gcid-4721c02e-63da-4985-9f86-80b98bb29c52%22:%91%22header_3_text_color%22%93,%22gcid-26ac9050-52ea-4dfa-84b3-bad7cf43e335%22:%91%93}&#8221;]<\/p>\n<h3>total Spisekastanjer<\/h3>\n<p>[\/et_pb_text][et_pb_text _builder_version=&#8221;4.24.1&#8243; _module_preset=&#8221;default&#8221; text_font=&#8221;Poppins|700|||||||&#8221; text_text_color=&#8221;#1ab567&#8243; text_font_size=&#8221;44px&#8221; text_line_height=&#8221;1em&#8221; custom_margin=&#8221;||10px||false|false&#8221; locked=&#8221;off&#8221; global_colors_info=&#8221;{%22gcid-4721c02e-63da-4985-9f86-80b98bb29c52%22:%91%93}&#8221;]<\/p>\n<p>30<\/p>\n<p>[\/et_pb_text][\/et_pb_column][\/et_pb_row][\/et_pb_section]<\/p>\n","protected":false},"excerpt":{"rendered":"<p>Plantagen Kort over vores n\u00f8ddeplantage Nedenfor kan du se et kort over vores n\u00f8ddeplantage. Kortet giver et overordnet overblik over plantagens opbygning og de forskellige omr\u00e5der, hvor vores n\u00f8dder dyrkes. Derudover fremg\u00e5r de 2,5 &#8211; 3 km l\u00e6hegn med mange forskellige typer planter vi ogs\u00e5 har etableret, da vores kystn\u00e6re placering ofte indeb\u00e6rer megen bl\u00e6st [&hellip;]<\/p>\n","protected":false},"author":1,"featured_media":0,"parent":0,"menu_order":0,"comment_status":"closed","ping_status":"closed","template":"","meta":{"_et_pb_use_builder":"on","_et_pb_old_content":"<!-- wp:divi\/placeholder \/-->","_et_gb_content_width":"","footnotes":""},"class_list":["post-441","page","type-page","status-publish","hentry"],"yoast_head":"<!-- This site is optimized with the Yoast SEO plugin v27.1.1 - https:\/\/yoast.com\/product\/yoast-seo-wordpress\/ -->\n<title>Plantagen - Danske N\u00f8dder<\/title>\n<meta name=\"robots\" content=\"index, follow, max-snippet:-1, max-image-preview:large, max-video-preview:-1\" \/>\n<link rel=\"canonical\" href=\"https:\/\/danskenoedder.dk\/index.php\/plantagen\/\" \/>\n<meta property=\"og:locale\" content=\"en_US\" \/>\n<meta property=\"og:type\" content=\"article\" \/>\n<meta property=\"og:title\" content=\"Plantagen - Danske N\u00f8dder\" \/>\n<meta property=\"og:description\" content=\"Plantagen Kort over vores n\u00f8ddeplantage Nedenfor kan du se et kort over vores n\u00f8ddeplantage. Kortet giver et overordnet overblik over plantagens opbygning og de forskellige omr\u00e5der, hvor vores n\u00f8dder dyrkes. Derudover fremg\u00e5r de 2,5 - 3 km l\u00e6hegn med mange forskellige typer planter vi ogs\u00e5 har etableret, da vores kystn\u00e6re placering ofte indeb\u00e6rer megen bl\u00e6st [&hellip;]\" \/>\n<meta property=\"og:url\" content=\"https:\/\/danskenoedder.dk\/index.php\/plantagen\/\" \/>\n<meta property=\"og:site_name\" content=\"Danske N\u00f8dder\" \/>\n<meta property=\"article:publisher\" content=\"https:\/\/www.facebook.com\/people\/Danske-ndder\/100093444964142\/\" \/>\n<meta property=\"article:modified_time\" content=\"2025-07-22T09:26:09+00:00\" \/>\n<meta name=\"twitter:card\" content=\"summary_large_image\" \/>\n<meta name=\"twitter:label1\" content=\"Est. reading time\" \/>\n\t<meta name=\"twitter:data1\" content=\"5 minutes\" \/>\n<script type=\"application\/ld+json\" class=\"yoast-schema-graph\">{\"@context\":\"https:\/\/schema.org\",\"@graph\":[{\"@type\":\"WebPage\",\"@id\":\"https:\/\/danskenoedder.dk\/index.php\/plantagen\/\",\"url\":\"https:\/\/danskenoedder.dk\/index.php\/plantagen\/\",\"name\":\"Plantagen - Danske N\u00f8dder\",\"isPartOf\":{\"@id\":\"https:\/\/danskenoedder.dk\/#website\"},\"datePublished\":\"2023-12-23T04:58:19+00:00\",\"dateModified\":\"2025-07-22T09:26:09+00:00\",\"breadcrumb\":{\"@id\":\"https:\/\/danskenoedder.dk\/index.php\/plantagen\/#breadcrumb\"},\"inLanguage\":\"en-US\",\"potentialAction\":[{\"@type\":\"ReadAction\",\"target\":[\"https:\/\/danskenoedder.dk\/index.php\/plantagen\/\"]}]},{\"@type\":\"BreadcrumbList\",\"@id\":\"https:\/\/danskenoedder.dk\/index.php\/plantagen\/#breadcrumb\",\"itemListElement\":[{\"@type\":\"ListItem\",\"position\":1,\"name\":\"Home\",\"item\":\"https:\/\/danskenoedder.dk\/\"},{\"@type\":\"ListItem\",\"position\":2,\"name\":\"Plantagen\"}]},{\"@type\":\"WebSite\",\"@id\":\"https:\/\/danskenoedder.dk\/#website\",\"url\":\"https:\/\/danskenoedder.dk\/\",\"name\":\"Danske N\u00f8dder\",\"description\":\"dansken\u00f8dder\",\"publisher\":{\"@id\":\"https:\/\/danskenoedder.dk\/#organization\"},\"potentialAction\":[{\"@type\":\"SearchAction\",\"target\":{\"@type\":\"EntryPoint\",\"urlTemplate\":\"https:\/\/danskenoedder.dk\/?s={search_term_string}\"},\"query-input\":{\"@type\":\"PropertyValueSpecification\",\"valueRequired\":true,\"valueName\":\"search_term_string\"}}],\"inLanguage\":\"en-US\"},{\"@type\":\"Organization\",\"@id\":\"https:\/\/danskenoedder.dk\/#organization\",\"name\":\"Danske N\u00f8dder\",\"url\":\"https:\/\/danskenoedder.dk\/\",\"logo\":{\"@type\":\"ImageObject\",\"inLanguage\":\"en-US\",\"@id\":\"https:\/\/danskenoedder.dk\/#\/schema\/logo\/image\/\",\"url\":\"https:\/\/danskenoedder.dk\/wp-content\/uploads\/2024\/02\/Logo_RGB_1200x1200.png\",\"contentUrl\":\"https:\/\/danskenoedder.dk\/wp-content\/uploads\/2024\/02\/Logo_RGB_1200x1200.png\",\"width\":1200,\"height\":1200,\"caption\":\"Danske N\u00f8dder\"},\"image\":{\"@id\":\"https:\/\/danskenoedder.dk\/#\/schema\/logo\/image\/\"},\"sameAs\":[\"https:\/\/www.facebook.com\/people\/Danske-ndder\/100093444964142\/\",\"https:\/\/www.instagram.com\/danskenoedder\/\"]}]}<\/script>\n<!-- \/ Yoast SEO plugin. -->","yoast_head_json":{"title":"Plantagen - Danske N\u00f8dder","robots":{"index":"index","follow":"follow","max-snippet":"max-snippet:-1","max-image-preview":"max-image-preview:large","max-video-preview":"max-video-preview:-1"},"canonical":"https:\/\/danskenoedder.dk\/index.php\/plantagen\/","og_locale":"en_US","og_type":"article","og_title":"Plantagen - Danske N\u00f8dder","og_description":"Plantagen Kort over vores n\u00f8ddeplantage Nedenfor kan du se et kort over vores n\u00f8ddeplantage. Kortet giver et overordnet overblik over plantagens opbygning og de forskellige omr\u00e5der, hvor vores n\u00f8dder dyrkes. Derudover fremg\u00e5r de 2,5 - 3 km l\u00e6hegn med mange forskellige typer planter vi ogs\u00e5 har etableret, da vores kystn\u00e6re placering ofte indeb\u00e6rer megen bl\u00e6st [&hellip;]","og_url":"https:\/\/danskenoedder.dk\/index.php\/plantagen\/","og_site_name":"Danske N\u00f8dder","article_publisher":"https:\/\/www.facebook.com\/people\/Danske-ndder\/100093444964142\/","article_modified_time":"2025-07-22T09:26:09+00:00","twitter_card":"summary_large_image","twitter_misc":{"Est. reading time":"5 minutes"},"schema":{"@context":"https:\/\/schema.org","@graph":[{"@type":"WebPage","@id":"https:\/\/danskenoedder.dk\/index.php\/plantagen\/","url":"https:\/\/danskenoedder.dk\/index.php\/plantagen\/","name":"Plantagen - Danske N\u00f8dder","isPartOf":{"@id":"https:\/\/danskenoedder.dk\/#website"},"datePublished":"2023-12-23T04:58:19+00:00","dateModified":"2025-07-22T09:26:09+00:00","breadcrumb":{"@id":"https:\/\/danskenoedder.dk\/index.php\/plantagen\/#breadcrumb"},"inLanguage":"en-US","potentialAction":[{"@type":"ReadAction","target":["https:\/\/danskenoedder.dk\/index.php\/plantagen\/"]}]},{"@type":"BreadcrumbList","@id":"https:\/\/danskenoedder.dk\/index.php\/plantagen\/#breadcrumb","itemListElement":[{"@type":"ListItem","position":1,"name":"Home","item":"https:\/\/danskenoedder.dk\/"},{"@type":"ListItem","position":2,"name":"Plantagen"}]},{"@type":"WebSite","@id":"https:\/\/danskenoedder.dk\/#website","url":"https:\/\/danskenoedder.dk\/","name":"Danske N\u00f8dder","description":"dansken\u00f8dder","publisher":{"@id":"https:\/\/danskenoedder.dk\/#organization"},"potentialAction":[{"@type":"SearchAction","target":{"@type":"EntryPoint","urlTemplate":"https:\/\/danskenoedder.dk\/?s={search_term_string}"},"query-input":{"@type":"PropertyValueSpecification","valueRequired":true,"valueName":"search_term_string"}}],"inLanguage":"en-US"},{"@type":"Organization","@id":"https:\/\/danskenoedder.dk\/#organization","name":"Danske N\u00f8dder","url":"https:\/\/danskenoedder.dk\/","logo":{"@type":"ImageObject","inLanguage":"en-US","@id":"https:\/\/danskenoedder.dk\/#\/schema\/logo\/image\/","url":"https:\/\/danskenoedder.dk\/wp-content\/uploads\/2024\/02\/Logo_RGB_1200x1200.png","contentUrl":"https:\/\/danskenoedder.dk\/wp-content\/uploads\/2024\/02\/Logo_RGB_1200x1200.png","width":1200,"height":1200,"caption":"Danske N\u00f8dder"},"image":{"@id":"https:\/\/danskenoedder.dk\/#\/schema\/logo\/image\/"},"sameAs":["https:\/\/www.facebook.com\/people\/Danske-ndder\/100093444964142\/","https:\/\/www.instagram.com\/danskenoedder\/"]}]}},"_links":{"self":[{"href":"https:\/\/danskenoedder.dk\/index.php\/wp-json\/wp\/v2\/pages\/441","targetHints":{"allow":["GET"]}}],"collection":[{"href":"https:\/\/danskenoedder.dk\/index.php\/wp-json\/wp\/v2\/pages"}],"about":[{"href":"https:\/\/danskenoedder.dk\/index.php\/wp-json\/wp\/v2\/types\/page"}],"author":[{"embeddable":true,"href":"https:\/\/danskenoedder.dk\/index.php\/wp-json\/wp\/v2\/users\/1"}],"replies":[{"embeddable":true,"href":"https:\/\/danskenoedder.dk\/index.php\/wp-json\/wp\/v2\/comments?post=441"}],"version-history":[{"count":13,"href":"https:\/\/danskenoedder.dk\/index.php\/wp-json\/wp\/v2\/pages\/441\/revisions"}],"predecessor-version":[{"id":749,"href":"https:\/\/danskenoedder.dk\/index.php\/wp-json\/wp\/v2\/pages\/441\/revisions\/749"}],"wp:attachment":[{"href":"https:\/\/danskenoedder.dk\/index.php\/wp-json\/wp\/v2\/media?parent=441"}],"curies":[{"name":"wp","href":"https:\/\/api.w.org\/{rel}","templated":true}]}}